{"id":2735,"date":"2026-01-26T22:12:57","date_gmt":"2026-01-26T22:12:57","guid":{"rendered":"https:\/\/manuelavladic.com\/illustrations\/the-kiss\/"},"modified":"2026-03-24T11:45:10","modified_gmt":"2026-03-24T11:45:10","slug":"the-kiss","status":"publish","type":"page","link":"https:\/\/manuelavladic.com\/en\/illustrations\/the-kiss\/","title":{"rendered":"The Kiss"},"content":{"rendered":"\t\t<div data-elementor-type=\"wp-page\" data-elementor-id=\"2735\" class=\"elementor elementor-2735 elementor-854\" data-elementor-post-type=\"page\">\n\t\t\t\t<div class=\"elementor-element elementor-element-e43d647 e-con-full e-flex e-con e-parent\" data-id=\"e43d647\" data-element_type=\"container\" data-e-type=\"container\">\n\t\t<div class=\"elementor-element elementor-element-96e92b6 e-con-full e-flex e-con e-child\" data-id=\"96e92b6\" data-element_type=\"container\" data-e-type=\"container\">\n\t\t<div class=\"elementor-element elementor-element-dfe5706 e-con-full e-flex e-con e-child\" data-id=\"dfe5706\" data-element_type=\"container\" data-e-type=\"container\">\n\t\t\t\t<div class=\"elementor-element elementor-element-89dc132 elementor-widget elementor-widget-heading\" data-id=\"89dc132\" data-element_type=\"widget\" data-e-type=\"widget\" data-widget_type=\"heading.default\">\n\t\t\t\t\t<h2 class=\"elementor-heading-title elementor-size-default\">Illustrations from the picture book <strong><i>The Kiss<\/i><\/strong>, text by Dubravka Pa\u0111en-Farka\u0161, 2022, Zagreb, Naklada Sipar<\/h2>\t\t\t\t<\/div>\n\t\t\t\t<\/div>\n\t\t\t\t<\/div>\n\t\t\t\t<\/div>\n\t\t<div class=\"elementor-element elementor-element-1c69d65 e-con-full e-flex e-con e-parent\" data-id=\"1c69d65\" data-element_type=\"container\" data-e-type=\"container\">\n\t\t<div class=\"elementor-element elementor-element-bfbc1c5 e-con-full e-flex e-con e-child\" data-id=\"bfbc1c5\" data-element_type=\"container\" data-e-type=\"container\">\n\t\t\t\t<div class=\"elementor-element elementor-element-68eac37 elementor-widget elementor-widget-gallery\" data-id=\"68eac37\" data-element_type=\"widget\" data-e-type=\"widget\" data-settings=\"{&quot;gallery_layout&quot;:&quot;masonry&quot;,&quot;columns&quot;:2,&quot;columns_laptop&quot;:2,&quot;columns_tablet_extra&quot;:1,&quot;gap&quot;:{&quot;unit&quot;:&quot;px&quot;,&quot;size&quot;:90,&quot;sizes&quot;:[]},&quot;gap_laptop&quot;:{&quot;unit&quot;:&quot;px&quot;,&quot;size&quot;:70,&quot;sizes&quot;:[]},&quot;gap_tablet_extra&quot;:{&quot;unit&quot;:&quot;px&quot;,&quot;size&quot;:60,&quot;sizes&quot;:[]},&quot;gap_tablet&quot;:{&quot;unit&quot;:&quot;px&quot;,&quot;size&quot;:60,&quot;sizes&quot;:[]},&quot;gap_mobile_extra&quot;:{&quot;unit&quot;:&quot;px&quot;,&quot;size&quot;:40,&quot;sizes&quot;:[]},&quot;gap_mobile&quot;:{&quot;unit&quot;:&quot;px&quot;,&quot;size&quot;:20,&quot;sizes&quot;:[]},&quot;columns_tablet&quot;:1,&quot;columns_mobile_extra&quot;:1,&quot;lazyload&quot;:&quot;yes&quot;,&quot;columns_mobile&quot;:1,&quot;gap_widescreen&quot;:{&quot;unit&quot;:&quot;px&quot;,&quot;size&quot;:&quot;&quot;,&quot;sizes&quot;:[]},&quot;link_to&quot;:&quot;file&quot;,&quot;overlay_background&quot;:&quot;yes&quot;,&quot;content_hover_animation&quot;:&quot;fade-in&quot;}\" data-widget_type=\"gallery.default\">\n\t\t\t\t\t\t\t<div class=\"elementor-gallery__container\">\n\t\t\t\t\t\t\t<a class=\"e-gallery-item elementor-gallery-item elementor-animated-content\" href=\"https:\/\/manuelavladic.com\/wp-content\/uploads\/2026\/01\/0.Poljubac-omotnica.jpg\" data-elementor-open-lightbox=\"yes\" data-elementor-lightbox-slideshow=\"68eac37\" data-elementor-lightbox-title=\"0.Poljubac-omotnica\" data-e-action-hash=\"#elementor-action%3Aaction%3Dlightbox%26settings%3DeyJpZCI6MzI3NCwidXJsIjoiaHR0cHM6XC9cL21hbnVlbGF2bGFkaWMuY29tXC93cC1jb250ZW50XC91cGxvYWRzXC8yMDI2XC8wMVwvMC5Qb2xqdWJhYy1vbW90bmljYS5qcGciLCJzbGlkZXNob3ciOiI2OGVhYzM3In0%3D\">\n\t\t\t\t\t<div class=\"e-gallery-image elementor-gallery-item__image\" data-thumbnail=\"https:\/\/manuelavladic.com\/wp-content\/uploads\/2026\/01\/0.Poljubac-omotnica.jpg\" data-width=\"1000\" data-height=\"978\" aria-label=\"\" role=\"img\" ><\/div>\n\t\t\t\t\t\t\t\t\t\t\t<div class=\"elementor-gallery-item__overlay\"><\/div>\n\t\t\t\t\t\t\t\t\t\t\t\t\t\t<\/a>\n\t\t\t\t\t\t\t<a class=\"e-gallery-item elementor-gallery-item elementor-animated-content\" href=\"https:\/\/manuelavladic.com\/wp-content\/uploads\/2026\/01\/1-2.jpg\" data-elementor-open-lightbox=\"yes\" data-elementor-lightbox-slideshow=\"68eac37\" data-elementor-lightbox-title=\"1\" data-e-action-hash=\"#elementor-action%3Aaction%3Dlightbox%26settings%3DeyJpZCI6MzI3NSwidXJsIjoiaHR0cHM6XC9cL21hbnVlbGF2bGFkaWMuY29tXC93cC1jb250ZW50XC91cGxvYWRzXC8yMDI2XC8wMVwvMS0yLmpwZyIsInNsaWRlc2hvdyI6IjY4ZWFjMzcifQ%3D%3D\">\n\t\t\t\t\t<div class=\"e-gallery-image elementor-gallery-item__image\" data-thumbnail=\"https:\/\/manuelavladic.com\/wp-content\/uploads\/2026\/01\/1-2.jpg\" data-width=\"1000\" data-height=\"495\" aria-label=\"\" role=\"img\" ><\/div>\n\t\t\t\t\t\t\t\t\t\t\t<div class=\"elementor-gallery-item__overlay\"><\/div>\n\t\t\t\t\t\t\t\t\t\t\t\t\t\t<\/a>\n\t\t\t\t\t\t\t<a class=\"e-gallery-item elementor-gallery-item elementor-animated-content\" href=\"https:\/\/manuelavladic.com\/wp-content\/uploads\/2026\/01\/2-3.jpg\" data-elementor-open-lightbox=\"yes\" data-elementor-lightbox-slideshow=\"68eac37\" data-elementor-lightbox-title=\"2\" data-e-action-hash=\"#elementor-action%3Aaction%3Dlightbox%26settings%3DeyJpZCI6MzI3NiwidXJsIjoiaHR0cHM6XC9cL21hbnVlbGF2bGFkaWMuY29tXC93cC1jb250ZW50XC91cGxvYWRzXC8yMDI2XC8wMVwvMi0zLmpwZyIsInNsaWRlc2hvdyI6IjY4ZWFjMzcifQ%3D%3D\">\n\t\t\t\t\t<div class=\"e-gallery-image elementor-gallery-item__image\" data-thumbnail=\"https:\/\/manuelavladic.com\/wp-content\/uploads\/2026\/01\/2-3.jpg\" data-width=\"1000\" data-height=\"500\" aria-label=\"\" role=\"img\" ><\/div>\n\t\t\t\t\t\t\t\t\t\t\t<div class=\"elementor-gallery-item__overlay\"><\/div>\n\t\t\t\t\t\t\t\t\t\t\t\t\t\t<\/a>\n\t\t\t\t\t\t\t<a class=\"e-gallery-item elementor-gallery-item elementor-animated-content\" href=\"https:\/\/manuelavladic.com\/wp-content\/uploads\/2026\/01\/3-3.jpg\" data-elementor-open-lightbox=\"yes\" data-elementor-lightbox-slideshow=\"68eac37\" data-elementor-lightbox-title=\"3\" data-e-action-hash=\"#elementor-action%3Aaction%3Dlightbox%26settings%3DeyJpZCI6MzI3NywidXJsIjoiaHR0cHM6XC9cL21hbnVlbGF2bGFkaWMuY29tXC93cC1jb250ZW50XC91cGxvYWRzXC8yMDI2XC8wMVwvMy0zLmpwZyIsInNsaWRlc2hvdyI6IjY4ZWFjMzcifQ%3D%3D\">\n\t\t\t\t\t<div class=\"e-gallery-image elementor-gallery-item__image\" data-thumbnail=\"https:\/\/manuelavladic.com\/wp-content\/uploads\/2026\/01\/3-3.jpg\" data-width=\"1000\" data-height=\"498\" aria-label=\"\" role=\"img\" ><\/div>\n\t\t\t\t\t\t\t\t\t\t\t<div class=\"elementor-gallery-item__overlay\"><\/div>\n\t\t\t\t\t\t\t\t\t\t\t\t\t\t<\/a>\n\t\t\t\t\t\t\t<a class=\"e-gallery-item elementor-gallery-item elementor-animated-content\" href=\"https:\/\/manuelavladic.com\/wp-content\/uploads\/2026\/01\/4-3.jpg\" data-elementor-open-lightbox=\"yes\" data-elementor-lightbox-slideshow=\"68eac37\" data-elementor-lightbox-title=\"4\" data-e-action-hash=\"#elementor-action%3Aaction%3Dlightbox%26settings%3DeyJpZCI6MzI3OCwidXJsIjoiaHR0cHM6XC9cL21hbnVlbGF2bGFkaWMuY29tXC93cC1jb250ZW50XC91cGxvYWRzXC8yMDI2XC8wMVwvNC0zLmpwZyIsInNsaWRlc2hvdyI6IjY4ZWFjMzcifQ%3D%3D\">\n\t\t\t\t\t<div class=\"e-gallery-image elementor-gallery-item__image\" data-thumbnail=\"https:\/\/manuelavladic.com\/wp-content\/uploads\/2026\/01\/4-3.jpg\" data-width=\"1000\" data-height=\"501\" aria-label=\"\" role=\"img\" ><\/div>\n\t\t\t\t\t\t\t\t\t\t\t<div class=\"elementor-gallery-item__overlay\"><\/div>\n\t\t\t\t\t\t\t\t\t\t\t\t\t\t<\/a>\n\t\t\t\t\t\t\t<a class=\"e-gallery-item elementor-gallery-item elementor-animated-content\" href=\"https:\/\/manuelavladic.com\/wp-content\/uploads\/2026\/01\/5-3.jpg\" data-elementor-open-lightbox=\"yes\" data-elementor-lightbox-slideshow=\"68eac37\" data-elementor-lightbox-title=\"5\" data-e-action-hash=\"#elementor-action%3Aaction%3Dlightbox%26settings%3DeyJpZCI6MzI3OSwidXJsIjoiaHR0cHM6XC9cL21hbnVlbGF2bGFkaWMuY29tXC93cC1jb250ZW50XC91cGxvYWRzXC8yMDI2XC8wMVwvNS0zLmpwZyIsInNsaWRlc2hvdyI6IjY4ZWFjMzcifQ%3D%3D\">\n\t\t\t\t\t<div class=\"e-gallery-image elementor-gallery-item__image\" data-thumbnail=\"https:\/\/manuelavladic.com\/wp-content\/uploads\/2026\/01\/5-3.jpg\" data-width=\"1000\" data-height=\"501\" aria-label=\"\" role=\"img\" ><\/div>\n\t\t\t\t\t\t\t\t\t\t\t<div class=\"elementor-gallery-item__overlay\"><\/div>\n\t\t\t\t\t\t\t\t\t\t\t\t\t\t<\/a>\n\t\t\t\t\t\t\t<a class=\"e-gallery-item elementor-gallery-item elementor-animated-content\" href=\"https:\/\/manuelavladic.com\/wp-content\/uploads\/2026\/01\/6-3.jpg\" data-elementor-open-lightbox=\"yes\" data-elementor-lightbox-slideshow=\"68eac37\" data-elementor-lightbox-title=\"6\" data-e-action-hash=\"#elementor-action%3Aaction%3Dlightbox%26settings%3DeyJpZCI6MzI4MCwidXJsIjoiaHR0cHM6XC9cL21hbnVlbGF2bGFkaWMuY29tXC93cC1jb250ZW50XC91cGxvYWRzXC8yMDI2XC8wMVwvNi0zLmpwZyIsInNsaWRlc2hvdyI6IjY4ZWFjMzcifQ%3D%3D\">\n\t\t\t\t\t<div class=\"e-gallery-image elementor-gallery-item__image\" data-thumbnail=\"https:\/\/manuelavladic.com\/wp-content\/uploads\/2026\/01\/6-3.jpg\" data-width=\"1000\" data-height=\"503\" aria-label=\"\" role=\"img\" ><\/div>\n\t\t\t\t\t\t\t\t\t\t\t<div class=\"elementor-gallery-item__overlay\"><\/div>\n\t\t\t\t\t\t\t\t\t\t\t\t\t\t<\/a>\n\t\t\t\t\t\t\t<a class=\"e-gallery-item elementor-gallery-item elementor-animated-content\" href=\"https:\/\/manuelavladic.com\/wp-content\/uploads\/2026\/01\/7-3.jpg\" data-elementor-open-lightbox=\"yes\" data-elementor-lightbox-slideshow=\"68eac37\" data-elementor-lightbox-title=\"7\" data-e-action-hash=\"#elementor-action%3Aaction%3Dlightbox%26settings%3DeyJpZCI6MzI4MSwidXJsIjoiaHR0cHM6XC9cL21hbnVlbGF2bGFkaWMuY29tXC93cC1jb250ZW50XC91cGxvYWRzXC8yMDI2XC8wMVwvNy0zLmpwZyIsInNsaWRlc2hvdyI6IjY4ZWFjMzcifQ%3D%3D\">\n\t\t\t\t\t<div class=\"e-gallery-image elementor-gallery-item__image\" data-thumbnail=\"https:\/\/manuelavladic.com\/wp-content\/uploads\/2026\/01\/7-3.jpg\" data-width=\"1000\" data-height=\"496\" aria-label=\"\" role=\"img\" ><\/div>\n\t\t\t\t\t\t\t\t\t\t\t<div class=\"elementor-gallery-item__overlay\"><\/div>\n\t\t\t\t\t\t\t\t\t\t\t\t\t\t<\/a>\n\t\t\t\t\t\t\t<a class=\"e-gallery-item elementor-gallery-item elementor-animated-content\" href=\"https:\/\/manuelavladic.com\/wp-content\/uploads\/2026\/01\/8-3.jpg\" data-elementor-open-lightbox=\"yes\" data-elementor-lightbox-slideshow=\"68eac37\" data-elementor-lightbox-title=\"8\" data-e-action-hash=\"#elementor-action%3Aaction%3Dlightbox%26settings%3DeyJpZCI6MzI4MiwidXJsIjoiaHR0cHM6XC9cL21hbnVlbGF2bGFkaWMuY29tXC93cC1jb250ZW50XC91cGxvYWRzXC8yMDI2XC8wMVwvOC0zLmpwZyIsInNsaWRlc2hvdyI6IjY4ZWFjMzcifQ%3D%3D\">\n\t\t\t\t\t<div class=\"e-gallery-image elementor-gallery-item__image\" data-thumbnail=\"https:\/\/manuelavladic.com\/wp-content\/uploads\/2026\/01\/8-3.jpg\" data-width=\"1000\" data-height=\"503\" aria-label=\"\" role=\"img\" ><\/div>\n\t\t\t\t\t\t\t\t\t\t\t<div class=\"elementor-gallery-item__overlay\"><\/div>\n\t\t\t\t\t\t\t\t\t\t\t\t\t\t<\/a>\n\t\t\t\t\t<\/div>\n\t\t\t\t\t<\/div>\n\t\t\t\t<\/div>\n\t\t\t\t<\/div>\n\t\t\t\t<\/div>\n\t\t","protected":false},"excerpt":{"rendered":"<p>Illustrations from the picture book The Kiss, text by Dubravka Pa\u0111en-Farka\u0161, 2022, Zagreb, Naklada Sipar<\/p>\n","protected":false},"author":2,"featured_media":2661,"parent":2651,"menu_order":0,"comment_status":"closed","ping_status":"closed","template":"elementor_header_footer","meta":{"footnotes":""},"class_list":["post-2735","page","type-page","status-publish","has-post-thumbnail","hentry"],"yoast_head":"<!-- This site is optimized with the Yoast SEO plugin v27.3 - https:\/\/yoast.com\/product\/yoast-seo-wordpress\/ -->\n<title>The Kiss - Manuela Vladi\u0107-Ma\u0161truko<\/title>\n<meta name=\"description\" content=\"Illustrations from the picture book The Kiss, text by Dubravka Pa\u0111en-Farka\u0161, 2022, Zagreb, Naklada Sipar\" \/>\n<meta name=\"robots\" content=\"index, follow, max-snippet:-1, max-image-preview:large, max-video-preview:-1\" \/>\n<link rel=\"canonical\" href=\"https:\/\/manuelavladic.com\/en\/illustrations\/the-kiss\/\" \/>\n<meta property=\"og:locale\" content=\"en_US\" \/>\n<meta property=\"og:type\" content=\"article\" \/>\n<meta property=\"og:title\" content=\"The Kiss - Manuela Vladi\u0107-Ma\u0161truko\" \/>\n<meta property=\"og:description\" content=\"Illustrations from the picture book The Kiss, text by Dubravka Pa\u0111en-Farka\u0161, 2022, Zagreb, Naklada Sipar\" \/>\n<meta property=\"og:url\" content=\"https:\/\/manuelavladic.com\/en\/illustrations\/the-kiss\/\" \/>\n<meta property=\"og:site_name\" content=\"Manuela Vladi\u0107-Ma\u0161truko\" \/>\n<meta property=\"article:modified_time\" content=\"2026-03-24T11:45:10+00:00\" \/>\n<meta property=\"og:image\" content=\"https:\/\/manuelavladic.com\/wp-content\/uploads\/2025\/12\/10.Naslovnica_Ilustracije_Poljubac.jpg\" \/>\n\t<meta property=\"og:image:width\" content=\"640\" \/>\n\t<meta property=\"og:image:height\" content=\"426\" \/>\n\t<meta property=\"og:image:type\" content=\"image\/jpeg\" \/>\n<meta name=\"twitter:card\" content=\"summary_large_image\" \/>\n<script type=\"application\/ld+json\" class=\"yoast-schema-graph\">{\"@context\":\"https:\\\/\\\/schema.org\",\"@graph\":[{\"@type\":\"WebPage\",\"@id\":\"https:\\\/\\\/manuelavladic.com\\\/en\\\/illustrations\\\/the-kiss\\\/\",\"url\":\"https:\\\/\\\/manuelavladic.com\\\/en\\\/illustrations\\\/the-kiss\\\/\",\"name\":\"The Kiss - Manuela Vladi\u0107-Ma\u0161truko\",\"isPartOf\":{\"@id\":\"https:\\\/\\\/manuelavladic.com\\\/en\\\/#website\"},\"primaryImageOfPage\":{\"@id\":\"https:\\\/\\\/manuelavladic.com\\\/en\\\/illustrations\\\/the-kiss\\\/#primaryimage\"},\"image\":{\"@id\":\"https:\\\/\\\/manuelavladic.com\\\/en\\\/illustrations\\\/the-kiss\\\/#primaryimage\"},\"thumbnailUrl\":\"https:\\\/\\\/manuelavladic.com\\\/wp-content\\\/uploads\\\/2025\\\/12\\\/10.Naslovnica_Ilustracije_Poljubac.jpg\",\"datePublished\":\"2026-01-26T22:12:57+00:00\",\"dateModified\":\"2026-03-24T11:45:10+00:00\",\"description\":\"Illustrations from the picture book The Kiss, text by Dubravka Pa\u0111en-Farka\u0161, 2022, Zagreb, Naklada Sipar\",\"breadcrumb\":{\"@id\":\"https:\\\/\\\/manuelavladic.com\\\/en\\\/illustrations\\\/the-kiss\\\/#breadcrumb\"},\"inLanguage\":\"en-US\",\"potentialAction\":[{\"@type\":\"ReadAction\",\"target\":[\"https:\\\/\\\/manuelavladic.com\\\/en\\\/illustrations\\\/the-kiss\\\/\"]}]},{\"@type\":\"ImageObject\",\"inLanguage\":\"en-US\",\"@id\":\"https:\\\/\\\/manuelavladic.com\\\/en\\\/illustrations\\\/the-kiss\\\/#primaryimage\",\"url\":\"https:\\\/\\\/manuelavladic.com\\\/wp-content\\\/uploads\\\/2025\\\/12\\\/10.Naslovnica_Ilustracije_Poljubac.jpg\",\"contentUrl\":\"https:\\\/\\\/manuelavladic.com\\\/wp-content\\\/uploads\\\/2025\\\/12\\\/10.Naslovnica_Ilustracije_Poljubac.jpg\",\"width\":640,\"height\":426},{\"@type\":\"BreadcrumbList\",\"@id\":\"https:\\\/\\\/manuelavladic.com\\\/en\\\/illustrations\\\/the-kiss\\\/#breadcrumb\",\"itemListElement\":[{\"@type\":\"ListItem\",\"position\":1,\"name\":\"Po\u010detna stranica\",\"item\":\"https:\\\/\\\/manuelavladic.com\\\/en\\\/manuela-vladic-mastruko\\\/\"},{\"@type\":\"ListItem\",\"position\":2,\"name\":\"Illustrations\",\"item\":\"https:\\\/\\\/manuelavladic.com\\\/en\\\/illustrations\\\/\"},{\"@type\":\"ListItem\",\"position\":3,\"name\":\"The Kiss\"}]},{\"@type\":\"WebSite\",\"@id\":\"https:\\\/\\\/manuelavladic.com\\\/en\\\/#website\",\"url\":\"https:\\\/\\\/manuelavladic.com\\\/en\\\/\",\"name\":\"Manuela Vladi\u0107-Ma\u0161truko\",\"description\":\"An artist who creates in various visual media,\",\"publisher\":{\"@id\":\"https:\\\/\\\/manuelavladic.com\\\/en\\\/#\\\/schema\\\/person\\\/32fa3b8ca9372e0f7cd08a429f906813\"},\"potentialAction\":[{\"@type\":\"SearchAction\",\"target\":{\"@type\":\"EntryPoint\",\"urlTemplate\":\"https:\\\/\\\/manuelavladic.com\\\/en\\\/?s={search_term_string}\"},\"query-input\":{\"@type\":\"PropertyValueSpecification\",\"valueRequired\":true,\"valueName\":\"search_term_string\"}}],\"inLanguage\":\"en-US\"},{\"@type\":[\"Person\",\"Organization\"],\"@id\":\"https:\\\/\\\/manuelavladic.com\\\/en\\\/#\\\/schema\\\/person\\\/32fa3b8ca9372e0f7cd08a429f906813\",\"name\":\"Manuela Vladi\u0107-Ma\u0161truko\",\"image\":{\"@type\":\"ImageObject\",\"inLanguage\":\"en-US\",\"@id\":\"https:\\\/\\\/manuelavladic.com\\\/wp-content\\\/uploads\\\/2026\\\/01\\\/4.-Manuela-Vladic-Mastruko_portet-e1769507127491.jpg\",\"url\":\"https:\\\/\\\/manuelavladic.com\\\/wp-content\\\/uploads\\\/2026\\\/01\\\/4.-Manuela-Vladic-Mastruko_portet-e1769507127491.jpg\",\"contentUrl\":\"https:\\\/\\\/manuelavladic.com\\\/wp-content\\\/uploads\\\/2026\\\/01\\\/4.-Manuela-Vladic-Mastruko_portet-e1769507127491.jpg\",\"width\":519,\"height\":467,\"caption\":\"Manuela Vladi\u0107-Ma\u0161truko\"},\"logo\":{\"@id\":\"https:\\\/\\\/manuelavladic.com\\\/wp-content\\\/uploads\\\/2026\\\/01\\\/4.-Manuela-Vladic-Mastruko_portet-e1769507127491.jpg\"}}]}<\/script>\n<!-- \/ Yoast SEO plugin. -->","yoast_head_json":{"title":"The Kiss - Manuela Vladi\u0107-Ma\u0161truko","description":"Illustrations from the picture book The Kiss, text by Dubravka Pa\u0111en-Farka\u0161, 2022, Zagreb, Naklada Sipar","robots":{"index":"index","follow":"follow","max-snippet":"max-snippet:-1","max-image-preview":"max-image-preview:large","max-video-preview":"max-video-preview:-1"},"canonical":"https:\/\/manuelavladic.com\/en\/illustrations\/the-kiss\/","og_locale":"en_US","og_type":"article","og_title":"The Kiss - Manuela Vladi\u0107-Ma\u0161truko","og_description":"Illustrations from the picture book The Kiss, text by Dubravka Pa\u0111en-Farka\u0161, 2022, Zagreb, Naklada Sipar","og_url":"https:\/\/manuelavladic.com\/en\/illustrations\/the-kiss\/","og_site_name":"Manuela Vladi\u0107-Ma\u0161truko","article_modified_time":"2026-03-24T11:45:10+00:00","og_image":[{"width":640,"height":426,"url":"https:\/\/manuelavladic.com\/wp-content\/uploads\/2025\/12\/10.Naslovnica_Ilustracije_Poljubac.jpg","type":"image\/jpeg"}],"twitter_card":"summary_large_image","schema":{"@context":"https:\/\/schema.org","@graph":[{"@type":"WebPage","@id":"https:\/\/manuelavladic.com\/en\/illustrations\/the-kiss\/","url":"https:\/\/manuelavladic.com\/en\/illustrations\/the-kiss\/","name":"The Kiss - Manuela Vladi\u0107-Ma\u0161truko","isPartOf":{"@id":"https:\/\/manuelavladic.com\/en\/#website"},"primaryImageOfPage":{"@id":"https:\/\/manuelavladic.com\/en\/illustrations\/the-kiss\/#primaryimage"},"image":{"@id":"https:\/\/manuelavladic.com\/en\/illustrations\/the-kiss\/#primaryimage"},"thumbnailUrl":"https:\/\/manuelavladic.com\/wp-content\/uploads\/2025\/12\/10.Naslovnica_Ilustracije_Poljubac.jpg","datePublished":"2026-01-26T22:12:57+00:00","dateModified":"2026-03-24T11:45:10+00:00","description":"Illustrations from the picture book The Kiss, text by Dubravka Pa\u0111en-Farka\u0161, 2022, Zagreb, Naklada Sipar","breadcrumb":{"@id":"https:\/\/manuelavladic.com\/en\/illustrations\/the-kiss\/#breadcrumb"},"inLanguage":"en-US","potentialAction":[{"@type":"ReadAction","target":["https:\/\/manuelavladic.com\/en\/illustrations\/the-kiss\/"]}]},{"@type":"ImageObject","inLanguage":"en-US","@id":"https:\/\/manuelavladic.com\/en\/illustrations\/the-kiss\/#primaryimage","url":"https:\/\/manuelavladic.com\/wp-content\/uploads\/2025\/12\/10.Naslovnica_Ilustracije_Poljubac.jpg","contentUrl":"https:\/\/manuelavladic.com\/wp-content\/uploads\/2025\/12\/10.Naslovnica_Ilustracije_Poljubac.jpg","width":640,"height":426},{"@type":"BreadcrumbList","@id":"https:\/\/manuelavladic.com\/en\/illustrations\/the-kiss\/#breadcrumb","itemListElement":[{"@type":"ListItem","position":1,"name":"Po\u010detna stranica","item":"https:\/\/manuelavladic.com\/en\/manuela-vladic-mastruko\/"},{"@type":"ListItem","position":2,"name":"Illustrations","item":"https:\/\/manuelavladic.com\/en\/illustrations\/"},{"@type":"ListItem","position":3,"name":"The Kiss"}]},{"@type":"WebSite","@id":"https:\/\/manuelavladic.com\/en\/#website","url":"https:\/\/manuelavladic.com\/en\/","name":"Manuela Vladi\u0107-Ma\u0161truko","description":"An artist who creates in various visual media,","publisher":{"@id":"https:\/\/manuelavladic.com\/en\/#\/schema\/person\/32fa3b8ca9372e0f7cd08a429f906813"},"potentialAction":[{"@type":"SearchAction","target":{"@type":"EntryPoint","urlTemplate":"https:\/\/manuelavladic.com\/en\/?s={search_term_string}"},"query-input":{"@type":"PropertyValueSpecification","valueRequired":true,"valueName":"search_term_string"}}],"inLanguage":"en-US"},{"@type":["Person","Organization"],"@id":"https:\/\/manuelavladic.com\/en\/#\/schema\/person\/32fa3b8ca9372e0f7cd08a429f906813","name":"Manuela Vladi\u0107-Ma\u0161truko","image":{"@type":"ImageObject","inLanguage":"en-US","@id":"https:\/\/manuelavladic.com\/wp-content\/uploads\/2026\/01\/4.-Manuela-Vladic-Mastruko_portet-e1769507127491.jpg","url":"https:\/\/manuelavladic.com\/wp-content\/uploads\/2026\/01\/4.-Manuela-Vladic-Mastruko_portet-e1769507127491.jpg","contentUrl":"https:\/\/manuelavladic.com\/wp-content\/uploads\/2026\/01\/4.-Manuela-Vladic-Mastruko_portet-e1769507127491.jpg","width":519,"height":467,"caption":"Manuela Vladi\u0107-Ma\u0161truko"},"logo":{"@id":"https:\/\/manuelavladic.com\/wp-content\/uploads\/2026\/01\/4.-Manuela-Vladic-Mastruko_portet-e1769507127491.jpg"}}]}},"_links":{"self":[{"href":"https:\/\/manuelavladic.com\/en\/wp-json\/wp\/v2\/pages\/2735","targetHints":{"allow":["GET"]}}],"collection":[{"href":"https:\/\/manuelavladic.com\/en\/wp-json\/wp\/v2\/pages"}],"about":[{"href":"https:\/\/manuelavladic.com\/en\/wp-json\/wp\/v2\/types\/page"}],"author":[{"embeddable":true,"href":"https:\/\/manuelavladic.com\/en\/wp-json\/wp\/v2\/users\/2"}],"replies":[{"embeddable":true,"href":"https:\/\/manuelavladic.com\/en\/wp-json\/wp\/v2\/comments?post=2735"}],"version-history":[{"count":5,"href":"https:\/\/manuelavladic.com\/en\/wp-json\/wp\/v2\/pages\/2735\/revisions"}],"predecessor-version":[{"id":3286,"href":"https:\/\/manuelavladic.com\/en\/wp-json\/wp\/v2\/pages\/2735\/revisions\/3286"}],"up":[{"embeddable":true,"href":"https:\/\/manuelavladic.com\/en\/wp-json\/wp\/v2\/pages\/2651"}],"wp:featuredmedia":[{"embeddable":true,"href":"https:\/\/manuelavladic.com\/en\/wp-json\/wp\/v2\/media\/2661"}],"wp:attachment":[{"href":"https:\/\/manuelavladic.com\/en\/wp-json\/wp\/v2\/media?parent=2735"}],"curies":[{"name":"wp","href":"https:\/\/api.w.org\/{rel}","templated":true}]}}