{"id":2741,"date":"2026-01-26T22:23:54","date_gmt":"2026-01-26T22:23:54","guid":{"rendered":"https:\/\/manuelavladic.com\/illustrations\/dusty\/"},"modified":"2026-03-24T11:45:43","modified_gmt":"2026-03-24T11:45:43","slug":"dusty","status":"publish","type":"page","link":"https:\/\/manuelavladic.com\/en\/illustrations\/dusty\/","title":{"rendered":"Dusty"},"content":{"rendered":"\t\t<div data-elementor-type=\"wp-page\" data-elementor-id=\"2741\" class=\"elementor elementor-2741 elementor-917\" data-elementor-post-type=\"page\">\n\t\t\t\t<div class=\"elementor-element elementor-element-6afeccf e-con-full e-flex e-con e-parent\" data-id=\"6afeccf\" data-element_type=\"container\" data-e-type=\"container\">\n\t\t<div class=\"elementor-element elementor-element-3d66d0b e-con-full e-flex e-con e-child\" data-id=\"3d66d0b\" data-element_type=\"container\" data-e-type=\"container\">\n\t\t<div class=\"elementor-element elementor-element-a596634 e-con-full e-flex e-con e-child\" data-id=\"a596634\" data-element_type=\"container\" data-e-type=\"container\">\n\t\t\t\t<div class=\"elementor-element elementor-element-c4ab5cf elementor-widget elementor-widget-heading\" data-id=\"c4ab5cf\" data-element_type=\"widget\" data-e-type=\"widget\" data-widget_type=\"heading.default\">\n\t\t\t\t\t<h2 class=\"elementor-heading-title elementor-size-default\">Illustrations from the picture book <strong><i>Dusty<\/i><\/strong>, text by \u017delimir Hercigonja, 2002, Zagreb, Golden marketing<\/h2>\t\t\t\t<\/div>\n\t\t\t\t<\/div>\n\t\t\t\t<\/div>\n\t\t\t\t<\/div>\n\t\t<div class=\"elementor-element elementor-element-5086767 e-con-full e-flex e-con e-parent\" data-id=\"5086767\" data-element_type=\"container\" data-e-type=\"container\">\n\t\t<div class=\"elementor-element elementor-element-1b8fd7d e-con-full e-flex e-con e-child\" data-id=\"1b8fd7d\" data-element_type=\"container\" data-e-type=\"container\">\n\t\t\t\t<div class=\"elementor-element elementor-element-0b6ea47 elementor-widget elementor-widget-gallery\" data-id=\"0b6ea47\" data-element_type=\"widget\" data-e-type=\"widget\" data-settings=\"{&quot;gallery_layout&quot;:&quot;masonry&quot;,&quot;columns&quot;:2,&quot;columns_laptop&quot;:2,&quot;columns_tablet_extra&quot;:1,&quot;gap&quot;:{&quot;unit&quot;:&quot;px&quot;,&quot;size&quot;:90,&quot;sizes&quot;:[]},&quot;gap_laptop&quot;:{&quot;unit&quot;:&quot;px&quot;,&quot;size&quot;:70,&quot;sizes&quot;:[]},&quot;gap_tablet_extra&quot;:{&quot;unit&quot;:&quot;px&quot;,&quot;size&quot;:60,&quot;sizes&quot;:[]},&quot;gap_tablet&quot;:{&quot;unit&quot;:&quot;px&quot;,&quot;size&quot;:60,&quot;sizes&quot;:[]},&quot;gap_mobile_extra&quot;:{&quot;unit&quot;:&quot;px&quot;,&quot;size&quot;:40,&quot;sizes&quot;:[]},&quot;gap_mobile&quot;:{&quot;unit&quot;:&quot;px&quot;,&quot;size&quot;:20,&quot;sizes&quot;:[]},&quot;columns_tablet&quot;:1,&quot;columns_mobile_extra&quot;:1,&quot;lazyload&quot;:&quot;yes&quot;,&quot;columns_mobile&quot;:1,&quot;gap_widescreen&quot;:{&quot;unit&quot;:&quot;px&quot;,&quot;size&quot;:&quot;&quot;,&quot;sizes&quot;:[]},&quot;link_to&quot;:&quot;file&quot;,&quot;overlay_background&quot;:&quot;yes&quot;,&quot;content_hover_animation&quot;:&quot;fade-in&quot;}\" data-widget_type=\"gallery.default\">\n\t\t\t\t\t\t\t<div class=\"elementor-gallery__container\">\n\t\t\t\t\t\t\t<a class=\"e-gallery-item elementor-gallery-item elementor-animated-content\" href=\"https:\/\/manuelavladic.com\/wp-content\/uploads\/2026\/01\/Prasnjavko-naslovnica-1.jpg\" data-elementor-open-lightbox=\"yes\" data-elementor-lightbox-slideshow=\"0b6ea47\" data-elementor-lightbox-title=\"Prasnjavko-naslovnica-1\" data-e-action-hash=\"#elementor-action%3Aaction%3Dlightbox%26settings%3DeyJpZCI6MzI4NywidXJsIjoiaHR0cHM6XC9cL21hbnVlbGF2bGFkaWMuY29tXC93cC1jb250ZW50XC91cGxvYWRzXC8yMDI2XC8wMVwvUHJhc25qYXZrby1uYXNsb3ZuaWNhLTEuanBnIiwic2xpZGVzaG93IjoiMGI2ZWE0NyJ9\">\n\t\t\t\t\t<div class=\"e-gallery-image elementor-gallery-item__image\" data-thumbnail=\"https:\/\/manuelavladic.com\/wp-content\/uploads\/2026\/01\/Prasnjavko-naslovnica-1.jpg\" data-width=\"1454\" data-height=\"2000\" aria-label=\"\" role=\"img\" ><\/div>\n\t\t\t\t\t\t\t\t\t\t\t<div class=\"elementor-gallery-item__overlay\"><\/div>\n\t\t\t\t\t\t\t\t\t\t\t\t\t\t<\/a>\n\t\t\t\t\t\t\t<a class=\"e-gallery-item elementor-gallery-item elementor-animated-content\" href=\"https:\/\/manuelavladic.com\/wp-content\/uploads\/2026\/01\/Prasnjavko-1a.jpg\" data-elementor-open-lightbox=\"yes\" data-elementor-lightbox-slideshow=\"0b6ea47\" data-elementor-lightbox-title=\"Prasnjavko-1a\" data-e-action-hash=\"#elementor-action%3Aaction%3Dlightbox%26settings%3DeyJpZCI6MzI4OCwidXJsIjoiaHR0cHM6XC9cL21hbnVlbGF2bGFkaWMuY29tXC93cC1jb250ZW50XC91cGxvYWRzXC8yMDI2XC8wMVwvUHJhc25qYXZrby0xYS5qcGciLCJzbGlkZXNob3ciOiIwYjZlYTQ3In0%3D\">\n\t\t\t\t\t<div class=\"e-gallery-image elementor-gallery-item__image\" data-thumbnail=\"https:\/\/manuelavladic.com\/wp-content\/uploads\/2026\/01\/Prasnjavko-1a.jpg\" data-width=\"1000\" data-height=\"694\" aria-label=\"\" role=\"img\" ><\/div>\n\t\t\t\t\t\t\t\t\t\t\t<div class=\"elementor-gallery-item__overlay\"><\/div>\n\t\t\t\t\t\t\t\t\t\t\t\t\t\t<\/a>\n\t\t\t\t\t\t\t<a class=\"e-gallery-item elementor-gallery-item elementor-animated-content\" href=\"https:\/\/manuelavladic.com\/wp-content\/uploads\/2026\/01\/Prasnjavko-2.jpg\" data-elementor-open-lightbox=\"yes\" data-elementor-lightbox-slideshow=\"0b6ea47\" data-elementor-lightbox-title=\"Prasnjavko-2\" data-e-action-hash=\"#elementor-action%3Aaction%3Dlightbox%26settings%3DeyJpZCI6MzI4OSwidXJsIjoiaHR0cHM6XC9cL21hbnVlbGF2bGFkaWMuY29tXC93cC1jb250ZW50XC91cGxvYWRzXC8yMDI2XC8wMVwvUHJhc25qYXZrby0yLmpwZyIsInNsaWRlc2hvdyI6IjBiNmVhNDcifQ%3D%3D\">\n\t\t\t\t\t<div class=\"e-gallery-image elementor-gallery-item__image\" data-thumbnail=\"https:\/\/manuelavladic.com\/wp-content\/uploads\/2026\/01\/Prasnjavko-2.jpg\" data-width=\"1000\" data-height=\"689\" aria-label=\"\" role=\"img\" ><\/div>\n\t\t\t\t\t\t\t\t\t\t\t<div class=\"elementor-gallery-item__overlay\"><\/div>\n\t\t\t\t\t\t\t\t\t\t\t\t\t\t<\/a>\n\t\t\t\t\t\t\t<a class=\"e-gallery-item elementor-gallery-item elementor-animated-content\" href=\"https:\/\/manuelavladic.com\/wp-content\/uploads\/2026\/01\/Prasnjavko-3.jpg\" data-elementor-open-lightbox=\"yes\" data-elementor-lightbox-slideshow=\"0b6ea47\" data-elementor-lightbox-title=\"Prasnjavko-3\" data-e-action-hash=\"#elementor-action%3Aaction%3Dlightbox%26settings%3DeyJpZCI6MzI5MCwidXJsIjoiaHR0cHM6XC9cL21hbnVlbGF2bGFkaWMuY29tXC93cC1jb250ZW50XC91cGxvYWRzXC8yMDI2XC8wMVwvUHJhc25qYXZrby0zLmpwZyIsInNsaWRlc2hvdyI6IjBiNmVhNDcifQ%3D%3D\">\n\t\t\t\t\t<div class=\"e-gallery-image elementor-gallery-item__image\" data-thumbnail=\"https:\/\/manuelavladic.com\/wp-content\/uploads\/2026\/01\/Prasnjavko-3.jpg\" data-width=\"1000\" data-height=\"689\" aria-label=\"\" role=\"img\" ><\/div>\n\t\t\t\t\t\t\t\t\t\t\t<div class=\"elementor-gallery-item__overlay\"><\/div>\n\t\t\t\t\t\t\t\t\t\t\t\t\t\t<\/a>\n\t\t\t\t\t\t\t<a class=\"e-gallery-item elementor-gallery-item elementor-animated-content\" href=\"https:\/\/manuelavladic.com\/wp-content\/uploads\/2026\/01\/Prasnjavko-4.jpg\" data-elementor-open-lightbox=\"yes\" data-elementor-lightbox-slideshow=\"0b6ea47\" data-elementor-lightbox-title=\"Prasnjavko-4\" data-e-action-hash=\"#elementor-action%3Aaction%3Dlightbox%26settings%3DeyJpZCI6MzI5MSwidXJsIjoiaHR0cHM6XC9cL21hbnVlbGF2bGFkaWMuY29tXC93cC1jb250ZW50XC91cGxvYWRzXC8yMDI2XC8wMVwvUHJhc25qYXZrby00LmpwZyIsInNsaWRlc2hvdyI6IjBiNmVhNDcifQ%3D%3D\">\n\t\t\t\t\t<div class=\"e-gallery-image elementor-gallery-item__image\" data-thumbnail=\"https:\/\/manuelavladic.com\/wp-content\/uploads\/2026\/01\/Prasnjavko-4.jpg\" data-width=\"1024\" data-height=\"723\" aria-label=\"\" role=\"img\" ><\/div>\n\t\t\t\t\t\t\t\t\t\t\t<div class=\"elementor-gallery-item__overlay\"><\/div>\n\t\t\t\t\t\t\t\t\t\t\t\t\t\t<\/a>\n\t\t\t\t\t\t\t<a class=\"e-gallery-item elementor-gallery-item elementor-animated-content\" href=\"https:\/\/manuelavladic.com\/wp-content\/uploads\/2026\/01\/Prasnjavko-5.jpg\" data-elementor-open-lightbox=\"yes\" data-elementor-lightbox-slideshow=\"0b6ea47\" data-elementor-lightbox-title=\"Prasnjavko-5\" data-e-action-hash=\"#elementor-action%3Aaction%3Dlightbox%26settings%3DeyJpZCI6MzI5MiwidXJsIjoiaHR0cHM6XC9cL21hbnVlbGF2bGFkaWMuY29tXC93cC1jb250ZW50XC91cGxvYWRzXC8yMDI2XC8wMVwvUHJhc25qYXZrby01LmpwZyIsInNsaWRlc2hvdyI6IjBiNmVhNDcifQ%3D%3D\">\n\t\t\t\t\t<div class=\"e-gallery-image elementor-gallery-item__image\" data-thumbnail=\"https:\/\/manuelavladic.com\/wp-content\/uploads\/2026\/01\/Prasnjavko-5.jpg\" data-width=\"1024\" data-height=\"724\" aria-label=\"\" role=\"img\" ><\/div>\n\t\t\t\t\t\t\t\t\t\t\t<div class=\"elementor-gallery-item__overlay\"><\/div>\n\t\t\t\t\t\t\t\t\t\t\t\t\t\t<\/a>\n\t\t\t\t\t\t\t<a class=\"e-gallery-item elementor-gallery-item elementor-animated-content\" href=\"https:\/\/manuelavladic.com\/wp-content\/uploads\/2026\/01\/Prasnjavko-6.jpg\" data-elementor-open-lightbox=\"yes\" data-elementor-lightbox-slideshow=\"0b6ea47\" data-elementor-lightbox-title=\"Prasnjavko-6\" data-e-action-hash=\"#elementor-action%3Aaction%3Dlightbox%26settings%3DeyJpZCI6MzI5MywidXJsIjoiaHR0cHM6XC9cL21hbnVlbGF2bGFkaWMuY29tXC93cC1jb250ZW50XC91cGxvYWRzXC8yMDI2XC8wMVwvUHJhc25qYXZrby02LmpwZyIsInNsaWRlc2hvdyI6IjBiNmVhNDcifQ%3D%3D\">\n\t\t\t\t\t<div class=\"e-gallery-image elementor-gallery-item__image\" data-thumbnail=\"https:\/\/manuelavladic.com\/wp-content\/uploads\/2026\/01\/Prasnjavko-6.jpg\" data-width=\"1024\" data-height=\"725\" aria-label=\"\" role=\"img\" ><\/div>\n\t\t\t\t\t\t\t\t\t\t\t<div class=\"elementor-gallery-item__overlay\"><\/div>\n\t\t\t\t\t\t\t\t\t\t\t\t\t\t<\/a>\n\t\t\t\t\t\t\t<a class=\"e-gallery-item elementor-gallery-item elementor-animated-content\" href=\"https:\/\/manuelavladic.com\/wp-content\/uploads\/2026\/01\/Prasnjavko-7.jpg\" data-elementor-open-lightbox=\"yes\" data-elementor-lightbox-slideshow=\"0b6ea47\" data-elementor-lightbox-title=\"Prasnjavko-7\" data-e-action-hash=\"#elementor-action%3Aaction%3Dlightbox%26settings%3DeyJpZCI6MzI5NCwidXJsIjoiaHR0cHM6XC9cL21hbnVlbGF2bGFkaWMuY29tXC93cC1jb250ZW50XC91cGxvYWRzXC8yMDI2XC8wMVwvUHJhc25qYXZrby03LmpwZyIsInNsaWRlc2hvdyI6IjBiNmVhNDcifQ%3D%3D\">\n\t\t\t\t\t<div class=\"e-gallery-image elementor-gallery-item__image\" data-thumbnail=\"https:\/\/manuelavladic.com\/wp-content\/uploads\/2026\/01\/Prasnjavko-7.jpg\" data-width=\"1024\" data-height=\"718\" aria-label=\"\" role=\"img\" ><\/div>\n\t\t\t\t\t\t\t\t\t\t\t<div class=\"elementor-gallery-item__overlay\"><\/div>\n\t\t\t\t\t\t\t\t\t\t\t\t\t\t<\/a>\n\t\t\t\t\t<\/div>\n\t\t\t\t\t<\/div>\n\t\t\t\t<\/div>\n\t\t\t\t<\/div>\n\t\t\t\t<\/div>\n\t\t","protected":false},"excerpt":{"rendered":"<p>Illustrations from the picture book Dusty, text by \u017delimir Hercigonja, 2002, Zagreb, Golden marketing<\/p>\n","protected":false},"author":2,"featured_media":2664,"parent":2651,"menu_order":0,"comment_status":"closed","ping_status":"closed","template":"elementor_header_footer","meta":{"footnotes":""},"class_list":["post-2741","page","type-page","status-publish","has-post-thumbnail","hentry"],"yoast_head":"<!-- This site is optimized with the Yoast SEO plugin v27.3 - https:\/\/yoast.com\/product\/yoast-seo-wordpress\/ -->\n<title>Dusty - Manuela Vladi\u0107-Ma\u0161truko<\/title>\n<meta name=\"description\" content=\"Illustrations from the picture book Dusty, text by \u017delimir Hercigonja, 2002, Zagreb, Golden marketing\" \/>\n<meta name=\"robots\" content=\"index, follow, max-snippet:-1, max-image-preview:large, max-video-preview:-1\" \/>\n<link rel=\"canonical\" href=\"https:\/\/manuelavladic.com\/en\/illustrations\/dusty\/\" \/>\n<meta property=\"og:locale\" content=\"en_US\" \/>\n<meta property=\"og:type\" content=\"article\" \/>\n<meta property=\"og:title\" content=\"Dusty - Manuela Vladi\u0107-Ma\u0161truko\" \/>\n<meta property=\"og:description\" content=\"Illustrations from the picture book Dusty, text by \u017delimir Hercigonja, 2002, Zagreb, Golden marketing\" \/>\n<meta property=\"og:url\" content=\"https:\/\/manuelavladic.com\/en\/illustrations\/dusty\/\" \/>\n<meta property=\"og:site_name\" content=\"Manuela Vladi\u0107-Ma\u0161truko\" \/>\n<meta property=\"article:modified_time\" content=\"2026-03-24T11:45:43+00:00\" \/>\n<meta property=\"og:image\" content=\"https:\/\/manuelavladic.com\/wp-content\/uploads\/2025\/12\/13.Naslovnica_Ilustracije_Prasnjavko.jpg\" \/>\n\t<meta property=\"og:image:width\" content=\"640\" \/>\n\t<meta property=\"og:image:height\" content=\"426\" \/>\n\t<meta property=\"og:image:type\" content=\"image\/jpeg\" \/>\n<meta name=\"twitter:card\" content=\"summary_large_image\" \/>\n<script type=\"application\/ld+json\" class=\"yoast-schema-graph\">{\"@context\":\"https:\\\/\\\/schema.org\",\"@graph\":[{\"@type\":\"WebPage\",\"@id\":\"https:\\\/\\\/manuelavladic.com\\\/en\\\/illustrations\\\/dusty\\\/\",\"url\":\"https:\\\/\\\/manuelavladic.com\\\/en\\\/illustrations\\\/dusty\\\/\",\"name\":\"Dusty - Manuela Vladi\u0107-Ma\u0161truko\",\"isPartOf\":{\"@id\":\"https:\\\/\\\/manuelavladic.com\\\/en\\\/#website\"},\"primaryImageOfPage\":{\"@id\":\"https:\\\/\\\/manuelavladic.com\\\/en\\\/illustrations\\\/dusty\\\/#primaryimage\"},\"image\":{\"@id\":\"https:\\\/\\\/manuelavladic.com\\\/en\\\/illustrations\\\/dusty\\\/#primaryimage\"},\"thumbnailUrl\":\"https:\\\/\\\/manuelavladic.com\\\/wp-content\\\/uploads\\\/2025\\\/12\\\/13.Naslovnica_Ilustracije_Prasnjavko.jpg\",\"datePublished\":\"2026-01-26T22:23:54+00:00\",\"dateModified\":\"2026-03-24T11:45:43+00:00\",\"description\":\"Illustrations from the picture book Dusty, text by \u017delimir Hercigonja, 2002, Zagreb, Golden marketing\",\"breadcrumb\":{\"@id\":\"https:\\\/\\\/manuelavladic.com\\\/en\\\/illustrations\\\/dusty\\\/#breadcrumb\"},\"inLanguage\":\"en-US\",\"potentialAction\":[{\"@type\":\"ReadAction\",\"target\":[\"https:\\\/\\\/manuelavladic.com\\\/en\\\/illustrations\\\/dusty\\\/\"]}]},{\"@type\":\"ImageObject\",\"inLanguage\":\"en-US\",\"@id\":\"https:\\\/\\\/manuelavladic.com\\\/en\\\/illustrations\\\/dusty\\\/#primaryimage\",\"url\":\"https:\\\/\\\/manuelavladic.com\\\/wp-content\\\/uploads\\\/2025\\\/12\\\/13.Naslovnica_Ilustracije_Prasnjavko.jpg\",\"contentUrl\":\"https:\\\/\\\/manuelavladic.com\\\/wp-content\\\/uploads\\\/2025\\\/12\\\/13.Naslovnica_Ilustracije_Prasnjavko.jpg\",\"width\":640,\"height\":426},{\"@type\":\"BreadcrumbList\",\"@id\":\"https:\\\/\\\/manuelavladic.com\\\/en\\\/illustrations\\\/dusty\\\/#breadcrumb\",\"itemListElement\":[{\"@type\":\"ListItem\",\"position\":1,\"name\":\"Po\u010detna stranica\",\"item\":\"https:\\\/\\\/manuelavladic.com\\\/en\\\/manuela-vladic-mastruko\\\/\"},{\"@type\":\"ListItem\",\"position\":2,\"name\":\"Illustrations\",\"item\":\"https:\\\/\\\/manuelavladic.com\\\/en\\\/illustrations\\\/\"},{\"@type\":\"ListItem\",\"position\":3,\"name\":\"Dusty\"}]},{\"@type\":\"WebSite\",\"@id\":\"https:\\\/\\\/manuelavladic.com\\\/en\\\/#website\",\"url\":\"https:\\\/\\\/manuelavladic.com\\\/en\\\/\",\"name\":\"Manuela Vladi\u0107-Ma\u0161truko\",\"description\":\"An artist who creates in various visual media,\",\"publisher\":{\"@id\":\"https:\\\/\\\/manuelavladic.com\\\/en\\\/#\\\/schema\\\/person\\\/32fa3b8ca9372e0f7cd08a429f906813\"},\"potentialAction\":[{\"@type\":\"SearchAction\",\"target\":{\"@type\":\"EntryPoint\",\"urlTemplate\":\"https:\\\/\\\/manuelavladic.com\\\/en\\\/?s={search_term_string}\"},\"query-input\":{\"@type\":\"PropertyValueSpecification\",\"valueRequired\":true,\"valueName\":\"search_term_string\"}}],\"inLanguage\":\"en-US\"},{\"@type\":[\"Person\",\"Organization\"],\"@id\":\"https:\\\/\\\/manuelavladic.com\\\/en\\\/#\\\/schema\\\/person\\\/32fa3b8ca9372e0f7cd08a429f906813\",\"name\":\"Manuela Vladi\u0107-Ma\u0161truko\",\"image\":{\"@type\":\"ImageObject\",\"inLanguage\":\"en-US\",\"@id\":\"https:\\\/\\\/manuelavladic.com\\\/wp-content\\\/uploads\\\/2026\\\/01\\\/4.-Manuela-Vladic-Mastruko_portet-e1769507127491.jpg\",\"url\":\"https:\\\/\\\/manuelavladic.com\\\/wp-content\\\/uploads\\\/2026\\\/01\\\/4.-Manuela-Vladic-Mastruko_portet-e1769507127491.jpg\",\"contentUrl\":\"https:\\\/\\\/manuelavladic.com\\\/wp-content\\\/uploads\\\/2026\\\/01\\\/4.-Manuela-Vladic-Mastruko_portet-e1769507127491.jpg\",\"width\":519,\"height\":467,\"caption\":\"Manuela Vladi\u0107-Ma\u0161truko\"},\"logo\":{\"@id\":\"https:\\\/\\\/manuelavladic.com\\\/wp-content\\\/uploads\\\/2026\\\/01\\\/4.-Manuela-Vladic-Mastruko_portet-e1769507127491.jpg\"}}]}<\/script>\n<!-- \/ Yoast SEO plugin. -->","yoast_head_json":{"title":"Dusty - Manuela Vladi\u0107-Ma\u0161truko","description":"Illustrations from the picture book Dusty, text by \u017delimir Hercigonja, 2002, Zagreb, Golden marketing","robots":{"index":"index","follow":"follow","max-snippet":"max-snippet:-1","max-image-preview":"max-image-preview:large","max-video-preview":"max-video-preview:-1"},"canonical":"https:\/\/manuelavladic.com\/en\/illustrations\/dusty\/","og_locale":"en_US","og_type":"article","og_title":"Dusty - Manuela Vladi\u0107-Ma\u0161truko","og_description":"Illustrations from the picture book Dusty, text by \u017delimir Hercigonja, 2002, Zagreb, Golden marketing","og_url":"https:\/\/manuelavladic.com\/en\/illustrations\/dusty\/","og_site_name":"Manuela Vladi\u0107-Ma\u0161truko","article_modified_time":"2026-03-24T11:45:43+00:00","og_image":[{"width":640,"height":426,"url":"https:\/\/manuelavladic.com\/wp-content\/uploads\/2025\/12\/13.Naslovnica_Ilustracije_Prasnjavko.jpg","type":"image\/jpeg"}],"twitter_card":"summary_large_image","schema":{"@context":"https:\/\/schema.org","@graph":[{"@type":"WebPage","@id":"https:\/\/manuelavladic.com\/en\/illustrations\/dusty\/","url":"https:\/\/manuelavladic.com\/en\/illustrations\/dusty\/","name":"Dusty - Manuela Vladi\u0107-Ma\u0161truko","isPartOf":{"@id":"https:\/\/manuelavladic.com\/en\/#website"},"primaryImageOfPage":{"@id":"https:\/\/manuelavladic.com\/en\/illustrations\/dusty\/#primaryimage"},"image":{"@id":"https:\/\/manuelavladic.com\/en\/illustrations\/dusty\/#primaryimage"},"thumbnailUrl":"https:\/\/manuelavladic.com\/wp-content\/uploads\/2025\/12\/13.Naslovnica_Ilustracije_Prasnjavko.jpg","datePublished":"2026-01-26T22:23:54+00:00","dateModified":"2026-03-24T11:45:43+00:00","description":"Illustrations from the picture book Dusty, text by \u017delimir Hercigonja, 2002, Zagreb, Golden marketing","breadcrumb":{"@id":"https:\/\/manuelavladic.com\/en\/illustrations\/dusty\/#breadcrumb"},"inLanguage":"en-US","potentialAction":[{"@type":"ReadAction","target":["https:\/\/manuelavladic.com\/en\/illustrations\/dusty\/"]}]},{"@type":"ImageObject","inLanguage":"en-US","@id":"https:\/\/manuelavladic.com\/en\/illustrations\/dusty\/#primaryimage","url":"https:\/\/manuelavladic.com\/wp-content\/uploads\/2025\/12\/13.Naslovnica_Ilustracije_Prasnjavko.jpg","contentUrl":"https:\/\/manuelavladic.com\/wp-content\/uploads\/2025\/12\/13.Naslovnica_Ilustracije_Prasnjavko.jpg","width":640,"height":426},{"@type":"BreadcrumbList","@id":"https:\/\/manuelavladic.com\/en\/illustrations\/dusty\/#breadcrumb","itemListElement":[{"@type":"ListItem","position":1,"name":"Po\u010detna stranica","item":"https:\/\/manuelavladic.com\/en\/manuela-vladic-mastruko\/"},{"@type":"ListItem","position":2,"name":"Illustrations","item":"https:\/\/manuelavladic.com\/en\/illustrations\/"},{"@type":"ListItem","position":3,"name":"Dusty"}]},{"@type":"WebSite","@id":"https:\/\/manuelavladic.com\/en\/#website","url":"https:\/\/manuelavladic.com\/en\/","name":"Manuela Vladi\u0107-Ma\u0161truko","description":"An artist who creates in various visual media,","publisher":{"@id":"https:\/\/manuelavladic.com\/en\/#\/schema\/person\/32fa3b8ca9372e0f7cd08a429f906813"},"potentialAction":[{"@type":"SearchAction","target":{"@type":"EntryPoint","urlTemplate":"https:\/\/manuelavladic.com\/en\/?s={search_term_string}"},"query-input":{"@type":"PropertyValueSpecification","valueRequired":true,"valueName":"search_term_string"}}],"inLanguage":"en-US"},{"@type":["Person","Organization"],"@id":"https:\/\/manuelavladic.com\/en\/#\/schema\/person\/32fa3b8ca9372e0f7cd08a429f906813","name":"Manuela Vladi\u0107-Ma\u0161truko","image":{"@type":"ImageObject","inLanguage":"en-US","@id":"https:\/\/manuelavladic.com\/wp-content\/uploads\/2026\/01\/4.-Manuela-Vladic-Mastruko_portet-e1769507127491.jpg","url":"https:\/\/manuelavladic.com\/wp-content\/uploads\/2026\/01\/4.-Manuela-Vladic-Mastruko_portet-e1769507127491.jpg","contentUrl":"https:\/\/manuelavladic.com\/wp-content\/uploads\/2026\/01\/4.-Manuela-Vladic-Mastruko_portet-e1769507127491.jpg","width":519,"height":467,"caption":"Manuela Vladi\u0107-Ma\u0161truko"},"logo":{"@id":"https:\/\/manuelavladic.com\/wp-content\/uploads\/2026\/01\/4.-Manuela-Vladic-Mastruko_portet-e1769507127491.jpg"}}]}},"_links":{"self":[{"href":"https:\/\/manuelavladic.com\/en\/wp-json\/wp\/v2\/pages\/2741","targetHints":{"allow":["GET"]}}],"collection":[{"href":"https:\/\/manuelavladic.com\/en\/wp-json\/wp\/v2\/pages"}],"about":[{"href":"https:\/\/manuelavladic.com\/en\/wp-json\/wp\/v2\/types\/page"}],"author":[{"embeddable":true,"href":"https:\/\/manuelavladic.com\/en\/wp-json\/wp\/v2\/users\/2"}],"replies":[{"embeddable":true,"href":"https:\/\/manuelavladic.com\/en\/wp-json\/wp\/v2\/comments?post=2741"}],"version-history":[{"count":3,"href":"https:\/\/manuelavladic.com\/en\/wp-json\/wp\/v2\/pages\/2741\/revisions"}],"predecessor-version":[{"id":3296,"href":"https:\/\/manuelavladic.com\/en\/wp-json\/wp\/v2\/pages\/2741\/revisions\/3296"}],"up":[{"embeddable":true,"href":"https:\/\/manuelavladic.com\/en\/wp-json\/wp\/v2\/pages\/2651"}],"wp:featuredmedia":[{"embeddable":true,"href":"https:\/\/manuelavladic.com\/en\/wp-json\/wp\/v2\/media\/2664"}],"wp:attachment":[{"href":"https:\/\/manuelavladic.com\/en\/wp-json\/wp\/v2\/media?parent=2741"}],"curies":[{"name":"wp","href":"https:\/\/api.w.org\/{rel}","templated":true}]}}