{"id":2528,"date":"2026-02-23T12:29:42","date_gmt":"2026-02-23T12:29:42","guid":{"rendered":"https:\/\/manuelavladic.com\/proizvod\/the-old-captains-pipe\/"},"modified":"2026-03-17T15:58:40","modified_gmt":"2026-03-17T15:58:40","slug":"the-old-captains-pipe","status":"publish","type":"product","link":"https:\/\/manuelavladic.com\/en\/product\/the-old-captains-pipe\/","title":{"rendered":"The Old Captain&#8217;s Pipe"},"content":{"rendered":"<p>Print on paper: \u20ac150.<br \/>\nPrint on canvas: \u20ac170.<\/p>\n","protected":false},"excerpt":{"rendered":"<p>Gicl\u00e9e print on paper or canvas, 50 \u00d7 60 cm.<\/p>\n","protected":false},"featured_media":2123,"comment_status":"open","ping_status":"closed","template":"","meta":[],"product_brand":[],"product_cat":[50],"product_tag":[54,51],"class_list":{"0":"post-2528","1":"product","2":"type-product","3":"status-publish","4":"has-post-thumbnail","6":"product_cat-prints","7":"product_tag-giclee-print-on-canvas","8":"product_tag-giclee-print-on-paper","10":"first","11":"instock","12":"shipping-taxable","13":"product-type-simple"},"yoast_head":"<!-- This site is optimized with the Yoast SEO plugin v27.3 - https:\/\/yoast.com\/product\/yoast-seo-wordpress\/ -->\n<title>The Old Captain&#039;s Pipe - Manuela Vladi\u0107-Ma\u0161truko<\/title>\n<meta name=\"description\" content=\"Gicl\u00e9e print on paper or canvas, 50 \u00d7 60 cm. Print on paper: \u20ac150. Print on canvas: \u20ac170.\" \/>\n<meta name=\"robots\" content=\"index, follow, max-snippet:-1, max-image-preview:large, max-video-preview:-1\" \/>\n<link rel=\"canonical\" href=\"https:\/\/manuelavladic.com\/en\/product\/the-old-captains-pipe\/\" \/>\n<meta property=\"og:locale\" content=\"en_US\" \/>\n<meta property=\"og:type\" content=\"article\" \/>\n<meta property=\"og:title\" content=\"The Old Captain&#039;s Pipe - Manuela Vladi\u0107-Ma\u0161truko\" \/>\n<meta property=\"og:description\" content=\"Gicl\u00e9e print on paper or canvas, 50 \u00d7 60 cm. Print on paper: \u20ac150. Print on canvas: \u20ac170.\" \/>\n<meta property=\"og:url\" content=\"https:\/\/manuelavladic.com\/en\/product\/the-old-captains-pipe\/\" \/>\n<meta property=\"og:site_name\" content=\"Manuela Vladi\u0107-Ma\u0161truko\" \/>\n<meta property=\"article:modified_time\" content=\"2026-03-17T15:58:40+00:00\" \/>\n<meta property=\"og:image\" content=\"https:\/\/manuelavladic.com\/wp-content\/uploads\/2026\/02\/1.Lula_starog_kapetana-1.jpg\" \/>\n\t<meta property=\"og:image:width\" content=\"480\" \/>\n\t<meta property=\"og:image:height\" content=\"607\" \/>\n\t<meta property=\"og:image:type\" content=\"image\/jpeg\" \/>\n<meta name=\"twitter:card\" content=\"summary_large_image\" \/>\n<script type=\"application\/ld+json\" class=\"yoast-schema-graph\">{\"@context\":\"https:\\\/\\\/schema.org\",\"@graph\":[{\"@type\":\"WebPage\",\"@id\":\"https:\\\/\\\/manuelavladic.com\\\/en\\\/product\\\/the-old-captains-pipe\\\/\",\"url\":\"https:\\\/\\\/manuelavladic.com\\\/en\\\/product\\\/the-old-captains-pipe\\\/\",\"name\":\"The Old Captain's Pipe - Manuela Vladi\u0107-Ma\u0161truko\",\"isPartOf\":{\"@id\":\"https:\\\/\\\/manuelavladic.com\\\/en\\\/#website\"},\"primaryImageOfPage\":{\"@id\":\"https:\\\/\\\/manuelavladic.com\\\/en\\\/product\\\/the-old-captains-pipe\\\/#primaryimage\"},\"image\":{\"@id\":\"https:\\\/\\\/manuelavladic.com\\\/en\\\/product\\\/the-old-captains-pipe\\\/#primaryimage\"},\"thumbnailUrl\":\"https:\\\/\\\/manuelavladic.com\\\/wp-content\\\/uploads\\\/2026\\\/02\\\/1.Lula_starog_kapetana-1.jpg\",\"datePublished\":\"2026-02-23T12:29:42+00:00\",\"dateModified\":\"2026-03-17T15:58:40+00:00\",\"description\":\"Gicl\u00e9e print on paper or canvas, 50 \u00d7 60 cm. Print on paper: \u20ac150. Print on canvas: \u20ac170.\",\"breadcrumb\":{\"@id\":\"https:\\\/\\\/manuelavladic.com\\\/en\\\/product\\\/the-old-captains-pipe\\\/#breadcrumb\"},\"inLanguage\":\"en-US\",\"potentialAction\":[{\"@type\":\"ReadAction\",\"target\":[\"https:\\\/\\\/manuelavladic.com\\\/en\\\/product\\\/the-old-captains-pipe\\\/\"]}]},{\"@type\":\"ImageObject\",\"inLanguage\":\"en-US\",\"@id\":\"https:\\\/\\\/manuelavladic.com\\\/en\\\/product\\\/the-old-captains-pipe\\\/#primaryimage\",\"url\":\"https:\\\/\\\/manuelavladic.com\\\/wp-content\\\/uploads\\\/2026\\\/02\\\/1.Lula_starog_kapetana-1.jpg\",\"contentUrl\":\"https:\\\/\\\/manuelavladic.com\\\/wp-content\\\/uploads\\\/2026\\\/02\\\/1.Lula_starog_kapetana-1.jpg\",\"width\":480,\"height\":607},{\"@type\":\"BreadcrumbList\",\"@id\":\"https:\\\/\\\/manuelavladic.com\\\/en\\\/product\\\/the-old-captains-pipe\\\/#breadcrumb\",\"itemListElement\":[{\"@type\":\"ListItem\",\"position\":1,\"name\":\"Po\u010detna stranica\",\"item\":\"https:\\\/\\\/manuelavladic.com\\\/en\\\/manuela-vladic-mastruko\\\/\"},{\"@type\":\"ListItem\",\"position\":2,\"name\":\"Shop\",\"item\":\"https:\\\/\\\/manuelavladic.com\\\/en\\\/shop\\\/\"},{\"@type\":\"ListItem\",\"position\":3,\"name\":\"The Old Captain&#8217;s Pipe\"}]},{\"@type\":\"WebSite\",\"@id\":\"https:\\\/\\\/manuelavladic.com\\\/en\\\/#website\",\"url\":\"https:\\\/\\\/manuelavladic.com\\\/en\\\/\",\"name\":\"Manuela Vladi\u0107-Ma\u0161truko\",\"description\":\"An artist who creates in various visual media,\",\"publisher\":{\"@id\":\"https:\\\/\\\/manuelavladic.com\\\/en\\\/#\\\/schema\\\/person\\\/32fa3b8ca9372e0f7cd08a429f906813\"},\"potentialAction\":[{\"@type\":\"SearchAction\",\"target\":{\"@type\":\"EntryPoint\",\"urlTemplate\":\"https:\\\/\\\/manuelavladic.com\\\/en\\\/?s={search_term_string}\"},\"query-input\":{\"@type\":\"PropertyValueSpecification\",\"valueRequired\":true,\"valueName\":\"search_term_string\"}}],\"inLanguage\":\"en-US\"},{\"@type\":[\"Person\",\"Organization\"],\"@id\":\"https:\\\/\\\/manuelavladic.com\\\/en\\\/#\\\/schema\\\/person\\\/32fa3b8ca9372e0f7cd08a429f906813\",\"name\":\"Manuela Vladi\u0107-Ma\u0161truko\",\"image\":{\"@type\":\"ImageObject\",\"inLanguage\":\"en-US\",\"@id\":\"https:\\\/\\\/manuelavladic.com\\\/wp-content\\\/uploads\\\/2026\\\/01\\\/4.-Manuela-Vladic-Mastruko_portet-e1769507127491.jpg\",\"url\":\"https:\\\/\\\/manuelavladic.com\\\/wp-content\\\/uploads\\\/2026\\\/01\\\/4.-Manuela-Vladic-Mastruko_portet-e1769507127491.jpg\",\"contentUrl\":\"https:\\\/\\\/manuelavladic.com\\\/wp-content\\\/uploads\\\/2026\\\/01\\\/4.-Manuela-Vladic-Mastruko_portet-e1769507127491.jpg\",\"width\":519,\"height\":467,\"caption\":\"Manuela Vladi\u0107-Ma\u0161truko\"},\"logo\":{\"@id\":\"https:\\\/\\\/manuelavladic.com\\\/wp-content\\\/uploads\\\/2026\\\/01\\\/4.-Manuela-Vladic-Mastruko_portet-e1769507127491.jpg\"}}]}<\/script>\n<!-- \/ Yoast SEO plugin. -->","yoast_head_json":{"title":"The Old Captain's Pipe - Manuela Vladi\u0107-Ma\u0161truko","description":"Gicl\u00e9e print on paper or canvas, 50 \u00d7 60 cm. Print on paper: \u20ac150. Print on canvas: \u20ac170.","robots":{"index":"index","follow":"follow","max-snippet":"max-snippet:-1","max-image-preview":"max-image-preview:large","max-video-preview":"max-video-preview:-1"},"canonical":"https:\/\/manuelavladic.com\/en\/product\/the-old-captains-pipe\/","og_locale":"en_US","og_type":"article","og_title":"The Old Captain's Pipe - Manuela Vladi\u0107-Ma\u0161truko","og_description":"Gicl\u00e9e print on paper or canvas, 50 \u00d7 60 cm. Print on paper: \u20ac150. Print on canvas: \u20ac170.","og_url":"https:\/\/manuelavladic.com\/en\/product\/the-old-captains-pipe\/","og_site_name":"Manuela Vladi\u0107-Ma\u0161truko","article_modified_time":"2026-03-17T15:58:40+00:00","og_image":[{"width":480,"height":607,"url":"https:\/\/manuelavladic.com\/wp-content\/uploads\/2026\/02\/1.Lula_starog_kapetana-1.jpg","type":"image\/jpeg"}],"twitter_card":"summary_large_image","schema":{"@context":"https:\/\/schema.org","@graph":[{"@type":"WebPage","@id":"https:\/\/manuelavladic.com\/en\/product\/the-old-captains-pipe\/","url":"https:\/\/manuelavladic.com\/en\/product\/the-old-captains-pipe\/","name":"The Old Captain's Pipe - Manuela Vladi\u0107-Ma\u0161truko","isPartOf":{"@id":"https:\/\/manuelavladic.com\/en\/#website"},"primaryImageOfPage":{"@id":"https:\/\/manuelavladic.com\/en\/product\/the-old-captains-pipe\/#primaryimage"},"image":{"@id":"https:\/\/manuelavladic.com\/en\/product\/the-old-captains-pipe\/#primaryimage"},"thumbnailUrl":"https:\/\/manuelavladic.com\/wp-content\/uploads\/2026\/02\/1.Lula_starog_kapetana-1.jpg","datePublished":"2026-02-23T12:29:42+00:00","dateModified":"2026-03-17T15:58:40+00:00","description":"Gicl\u00e9e print on paper or canvas, 50 \u00d7 60 cm. Print on paper: \u20ac150. Print on canvas: \u20ac170.","breadcrumb":{"@id":"https:\/\/manuelavladic.com\/en\/product\/the-old-captains-pipe\/#breadcrumb"},"inLanguage":"en-US","potentialAction":[{"@type":"ReadAction","target":["https:\/\/manuelavladic.com\/en\/product\/the-old-captains-pipe\/"]}]},{"@type":"ImageObject","inLanguage":"en-US","@id":"https:\/\/manuelavladic.com\/en\/product\/the-old-captains-pipe\/#primaryimage","url":"https:\/\/manuelavladic.com\/wp-content\/uploads\/2026\/02\/1.Lula_starog_kapetana-1.jpg","contentUrl":"https:\/\/manuelavladic.com\/wp-content\/uploads\/2026\/02\/1.Lula_starog_kapetana-1.jpg","width":480,"height":607},{"@type":"BreadcrumbList","@id":"https:\/\/manuelavladic.com\/en\/product\/the-old-captains-pipe\/#breadcrumb","itemListElement":[{"@type":"ListItem","position":1,"name":"Po\u010detna stranica","item":"https:\/\/manuelavladic.com\/en\/manuela-vladic-mastruko\/"},{"@type":"ListItem","position":2,"name":"Shop","item":"https:\/\/manuelavladic.com\/en\/shop\/"},{"@type":"ListItem","position":3,"name":"The Old Captain&#8217;s Pipe"}]},{"@type":"WebSite","@id":"https:\/\/manuelavladic.com\/en\/#website","url":"https:\/\/manuelavladic.com\/en\/","name":"Manuela Vladi\u0107-Ma\u0161truko","description":"An artist who creates in various visual media,","publisher":{"@id":"https:\/\/manuelavladic.com\/en\/#\/schema\/person\/32fa3b8ca9372e0f7cd08a429f906813"},"potentialAction":[{"@type":"SearchAction","target":{"@type":"EntryPoint","urlTemplate":"https:\/\/manuelavladic.com\/en\/?s={search_term_string}"},"query-input":{"@type":"PropertyValueSpecification","valueRequired":true,"valueName":"search_term_string"}}],"inLanguage":"en-US"},{"@type":["Person","Organization"],"@id":"https:\/\/manuelavladic.com\/en\/#\/schema\/person\/32fa3b8ca9372e0f7cd08a429f906813","name":"Manuela Vladi\u0107-Ma\u0161truko","image":{"@type":"ImageObject","inLanguage":"en-US","@id":"https:\/\/manuelavladic.com\/wp-content\/uploads\/2026\/01\/4.-Manuela-Vladic-Mastruko_portet-e1769507127491.jpg","url":"https:\/\/manuelavladic.com\/wp-content\/uploads\/2026\/01\/4.-Manuela-Vladic-Mastruko_portet-e1769507127491.jpg","contentUrl":"https:\/\/manuelavladic.com\/wp-content\/uploads\/2026\/01\/4.-Manuela-Vladic-Mastruko_portet-e1769507127491.jpg","width":519,"height":467,"caption":"Manuela Vladi\u0107-Ma\u0161truko"},"logo":{"@id":"https:\/\/manuelavladic.com\/wp-content\/uploads\/2026\/01\/4.-Manuela-Vladic-Mastruko_portet-e1769507127491.jpg"}}]}},"_links":{"self":[{"href":"https:\/\/manuelavladic.com\/en\/wp-json\/wp\/v2\/product\/2528","targetHints":{"allow":["GET"]}}],"collection":[{"href":"https:\/\/manuelavladic.com\/en\/wp-json\/wp\/v2\/product"}],"about":[{"href":"https:\/\/manuelavladic.com\/en\/wp-json\/wp\/v2\/types\/product"}],"replies":[{"embeddable":true,"href":"https:\/\/manuelavladic.com\/en\/wp-json\/wp\/v2\/comments?post=2528"}],"wp:featuredmedia":[{"embeddable":true,"href":"https:\/\/manuelavladic.com\/en\/wp-json\/wp\/v2\/media\/2123"}],"wp:attachment":[{"href":"https:\/\/manuelavladic.com\/en\/wp-json\/wp\/v2\/media?parent=2528"}],"wp:term":[{"taxonomy":"product_brand","embeddable":true,"href":"https:\/\/manuelavladic.com\/en\/wp-json\/wp\/v2\/product_brand?post=2528"},{"taxonomy":"product_cat","embeddable":true,"href":"https:\/\/manuelavladic.com\/en\/wp-json\/wp\/v2\/product_cat?post=2528"},{"taxonomy":"product_tag","embeddable":true,"href":"https:\/\/manuelavladic.com\/en\/wp-json\/wp\/v2\/product_tag?post=2528"}],"curies":[{"name":"wp","href":"https:\/\/api.w.org\/{rel}","templated":true}]}}