{"id":2552,"date":"2026-02-23T12:49:48","date_gmt":"2026-02-23T12:49:48","guid":{"rendered":"https:\/\/manuelavladic.com\/proizvod\/greeting-to-the-sun\/"},"modified":"2026-03-17T10:01:58","modified_gmt":"2026-03-17T10:01:58","slug":"greeting-to-the-sun","status":"publish","type":"product","link":"https:\/\/manuelavladic.com\/en\/product\/greeting-to-the-sun\/","title":{"rendered":"Greeting to the Sun"},"content":{"rendered":"<p>Print on paper 50 \u00d7 50 cm: price \u20ac100.<br \/>\nPrint on canvas 60 \u00d7 60 cm: price \u20ac150.<\/p>\n","protected":false},"excerpt":{"rendered":"<p>Gicl\u00e9e paper print or canvas print.<\/p>\n","protected":false},"featured_media":2149,"comment_status":"open","ping_status":"closed","template":"","meta":[],"product_brand":[],"product_cat":[50],"product_tag":[54,51],"class_list":{"0":"post-2552","1":"product","2":"type-product","3":"status-publish","4":"has-post-thumbnail","6":"product_cat-prints","7":"product_tag-giclee-print-on-canvas","8":"product_tag-giclee-print-on-paper","10":"first","11":"instock","12":"shipping-taxable","13":"product-type-simple"},"yoast_head":"<!-- This site is optimized with the Yoast SEO plugin v27.3 - https:\/\/yoast.com\/product\/yoast-seo-wordpress\/ -->\n<title>Greeting to the Sun - Manuela Vladi\u0107-Ma\u0161truko<\/title>\n<meta name=\"description\" content=\"Gicl\u00e9e paper print or canvas print. Print on paper 50 \u00d7 50 cm: price \u20ac100. Print on canvas 60 \u00d7 60 cm: price \u20ac150.\" \/>\n<meta name=\"robots\" content=\"index, follow, max-snippet:-1, max-image-preview:large, max-video-preview:-1\" \/>\n<link rel=\"canonical\" href=\"https:\/\/manuelavladic.com\/en\/product\/greeting-to-the-sun\/\" \/>\n<meta property=\"og:locale\" content=\"en_US\" \/>\n<meta property=\"og:type\" content=\"article\" \/>\n<meta property=\"og:title\" content=\"Greeting to the Sun - Manuela Vladi\u0107-Ma\u0161truko\" \/>\n<meta property=\"og:description\" content=\"Gicl\u00e9e paper print or canvas print. Print on paper 50 \u00d7 50 cm: price \u20ac100. Print on canvas 60 \u00d7 60 cm: price \u20ac150.\" \/>\n<meta property=\"og:url\" content=\"https:\/\/manuelavladic.com\/en\/product\/greeting-to-the-sun\/\" \/>\n<meta property=\"og:site_name\" content=\"Manuela Vladi\u0107-Ma\u0161truko\" \/>\n<meta property=\"article:modified_time\" content=\"2026-03-17T10:01:58+00:00\" \/>\n<meta property=\"og:image\" content=\"https:\/\/manuelavladic.com\/wp-content\/uploads\/2026\/02\/1.Pozdrav_suncu_3_2018_60x60_cm_akrilik_na_platnu.jpg\" \/>\n\t<meta property=\"og:image:width\" content=\"1000\" \/>\n\t<meta property=\"og:image:height\" content=\"1002\" \/>\n\t<meta property=\"og:image:type\" content=\"image\/jpeg\" \/>\n<meta name=\"twitter:card\" content=\"summary_large_image\" \/>\n<script type=\"application\/ld+json\" class=\"yoast-schema-graph\">{\"@context\":\"https:\\\/\\\/schema.org\",\"@graph\":[{\"@type\":\"WebPage\",\"@id\":\"https:\\\/\\\/manuelavladic.com\\\/en\\\/product\\\/greeting-to-the-sun\\\/\",\"url\":\"https:\\\/\\\/manuelavladic.com\\\/en\\\/product\\\/greeting-to-the-sun\\\/\",\"name\":\"Greeting to the Sun - Manuela Vladi\u0107-Ma\u0161truko\",\"isPartOf\":{\"@id\":\"https:\\\/\\\/manuelavladic.com\\\/en\\\/#website\"},\"primaryImageOfPage\":{\"@id\":\"https:\\\/\\\/manuelavladic.com\\\/en\\\/product\\\/greeting-to-the-sun\\\/#primaryimage\"},\"image\":{\"@id\":\"https:\\\/\\\/manuelavladic.com\\\/en\\\/product\\\/greeting-to-the-sun\\\/#primaryimage\"},\"thumbnailUrl\":\"https:\\\/\\\/manuelavladic.com\\\/wp-content\\\/uploads\\\/2026\\\/02\\\/1.Pozdrav_suncu_3_2018_60x60_cm_akrilik_na_platnu.jpg\",\"datePublished\":\"2026-02-23T12:49:48+00:00\",\"dateModified\":\"2026-03-17T10:01:58+00:00\",\"description\":\"Gicl\u00e9e paper print or canvas print. Print on paper 50 \u00d7 50 cm: price \u20ac100. Print on canvas 60 \u00d7 60 cm: price \u20ac150.\",\"breadcrumb\":{\"@id\":\"https:\\\/\\\/manuelavladic.com\\\/en\\\/product\\\/greeting-to-the-sun\\\/#breadcrumb\"},\"inLanguage\":\"en-US\",\"potentialAction\":[{\"@type\":\"ReadAction\",\"target\":[\"https:\\\/\\\/manuelavladic.com\\\/en\\\/product\\\/greeting-to-the-sun\\\/\"]}]},{\"@type\":\"ImageObject\",\"inLanguage\":\"en-US\",\"@id\":\"https:\\\/\\\/manuelavladic.com\\\/en\\\/product\\\/greeting-to-the-sun\\\/#primaryimage\",\"url\":\"https:\\\/\\\/manuelavladic.com\\\/wp-content\\\/uploads\\\/2026\\\/02\\\/1.Pozdrav_suncu_3_2018_60x60_cm_akrilik_na_platnu.jpg\",\"contentUrl\":\"https:\\\/\\\/manuelavladic.com\\\/wp-content\\\/uploads\\\/2026\\\/02\\\/1.Pozdrav_suncu_3_2018_60x60_cm_akrilik_na_platnu.jpg\",\"width\":1000,\"height\":1002},{\"@type\":\"BreadcrumbList\",\"@id\":\"https:\\\/\\\/manuelavladic.com\\\/en\\\/product\\\/greeting-to-the-sun\\\/#breadcrumb\",\"itemListElement\":[{\"@type\":\"ListItem\",\"position\":1,\"name\":\"Po\u010detna stranica\",\"item\":\"https:\\\/\\\/manuelavladic.com\\\/en\\\/manuela-vladic-mastruko\\\/\"},{\"@type\":\"ListItem\",\"position\":2,\"name\":\"Shop\",\"item\":\"https:\\\/\\\/manuelavladic.com\\\/en\\\/shop\\\/\"},{\"@type\":\"ListItem\",\"position\":3,\"name\":\"Greeting to the Sun\"}]},{\"@type\":\"WebSite\",\"@id\":\"https:\\\/\\\/manuelavladic.com\\\/en\\\/#website\",\"url\":\"https:\\\/\\\/manuelavladic.com\\\/en\\\/\",\"name\":\"Manuela Vladi\u0107-Ma\u0161truko\",\"description\":\"An artist who creates in various visual media,\",\"publisher\":{\"@id\":\"https:\\\/\\\/manuelavladic.com\\\/en\\\/#\\\/schema\\\/person\\\/32fa3b8ca9372e0f7cd08a429f906813\"},\"potentialAction\":[{\"@type\":\"SearchAction\",\"target\":{\"@type\":\"EntryPoint\",\"urlTemplate\":\"https:\\\/\\\/manuelavladic.com\\\/en\\\/?s={search_term_string}\"},\"query-input\":{\"@type\":\"PropertyValueSpecification\",\"valueRequired\":true,\"valueName\":\"search_term_string\"}}],\"inLanguage\":\"en-US\"},{\"@type\":[\"Person\",\"Organization\"],\"@id\":\"https:\\\/\\\/manuelavladic.com\\\/en\\\/#\\\/schema\\\/person\\\/32fa3b8ca9372e0f7cd08a429f906813\",\"name\":\"Manuela Vladi\u0107-Ma\u0161truko\",\"image\":{\"@type\":\"ImageObject\",\"inLanguage\":\"en-US\",\"@id\":\"https:\\\/\\\/manuelavladic.com\\\/wp-content\\\/uploads\\\/2026\\\/01\\\/4.-Manuela-Vladic-Mastruko_portet-e1769507127491.jpg\",\"url\":\"https:\\\/\\\/manuelavladic.com\\\/wp-content\\\/uploads\\\/2026\\\/01\\\/4.-Manuela-Vladic-Mastruko_portet-e1769507127491.jpg\",\"contentUrl\":\"https:\\\/\\\/manuelavladic.com\\\/wp-content\\\/uploads\\\/2026\\\/01\\\/4.-Manuela-Vladic-Mastruko_portet-e1769507127491.jpg\",\"width\":519,\"height\":467,\"caption\":\"Manuela Vladi\u0107-Ma\u0161truko\"},\"logo\":{\"@id\":\"https:\\\/\\\/manuelavladic.com\\\/wp-content\\\/uploads\\\/2026\\\/01\\\/4.-Manuela-Vladic-Mastruko_portet-e1769507127491.jpg\"}}]}<\/script>\n<!-- \/ Yoast SEO plugin. -->","yoast_head_json":{"title":"Greeting to the Sun - Manuela Vladi\u0107-Ma\u0161truko","description":"Gicl\u00e9e paper print or canvas print. Print on paper 50 \u00d7 50 cm: price \u20ac100. Print on canvas 60 \u00d7 60 cm: price \u20ac150.","robots":{"index":"index","follow":"follow","max-snippet":"max-snippet:-1","max-image-preview":"max-image-preview:large","max-video-preview":"max-video-preview:-1"},"canonical":"https:\/\/manuelavladic.com\/en\/product\/greeting-to-the-sun\/","og_locale":"en_US","og_type":"article","og_title":"Greeting to the Sun - Manuela Vladi\u0107-Ma\u0161truko","og_description":"Gicl\u00e9e paper print or canvas print. Print on paper 50 \u00d7 50 cm: price \u20ac100. Print on canvas 60 \u00d7 60 cm: price \u20ac150.","og_url":"https:\/\/manuelavladic.com\/en\/product\/greeting-to-the-sun\/","og_site_name":"Manuela Vladi\u0107-Ma\u0161truko","article_modified_time":"2026-03-17T10:01:58+00:00","og_image":[{"width":1000,"height":1002,"url":"https:\/\/manuelavladic.com\/wp-content\/uploads\/2026\/02\/1.Pozdrav_suncu_3_2018_60x60_cm_akrilik_na_platnu.jpg","type":"image\/jpeg"}],"twitter_card":"summary_large_image","schema":{"@context":"https:\/\/schema.org","@graph":[{"@type":"WebPage","@id":"https:\/\/manuelavladic.com\/en\/product\/greeting-to-the-sun\/","url":"https:\/\/manuelavladic.com\/en\/product\/greeting-to-the-sun\/","name":"Greeting to the Sun - Manuela Vladi\u0107-Ma\u0161truko","isPartOf":{"@id":"https:\/\/manuelavladic.com\/en\/#website"},"primaryImageOfPage":{"@id":"https:\/\/manuelavladic.com\/en\/product\/greeting-to-the-sun\/#primaryimage"},"image":{"@id":"https:\/\/manuelavladic.com\/en\/product\/greeting-to-the-sun\/#primaryimage"},"thumbnailUrl":"https:\/\/manuelavladic.com\/wp-content\/uploads\/2026\/02\/1.Pozdrav_suncu_3_2018_60x60_cm_akrilik_na_platnu.jpg","datePublished":"2026-02-23T12:49:48+00:00","dateModified":"2026-03-17T10:01:58+00:00","description":"Gicl\u00e9e paper print or canvas print. Print on paper 50 \u00d7 50 cm: price \u20ac100. Print on canvas 60 \u00d7 60 cm: price \u20ac150.","breadcrumb":{"@id":"https:\/\/manuelavladic.com\/en\/product\/greeting-to-the-sun\/#breadcrumb"},"inLanguage":"en-US","potentialAction":[{"@type":"ReadAction","target":["https:\/\/manuelavladic.com\/en\/product\/greeting-to-the-sun\/"]}]},{"@type":"ImageObject","inLanguage":"en-US","@id":"https:\/\/manuelavladic.com\/en\/product\/greeting-to-the-sun\/#primaryimage","url":"https:\/\/manuelavladic.com\/wp-content\/uploads\/2026\/02\/1.Pozdrav_suncu_3_2018_60x60_cm_akrilik_na_platnu.jpg","contentUrl":"https:\/\/manuelavladic.com\/wp-content\/uploads\/2026\/02\/1.Pozdrav_suncu_3_2018_60x60_cm_akrilik_na_platnu.jpg","width":1000,"height":1002},{"@type":"BreadcrumbList","@id":"https:\/\/manuelavladic.com\/en\/product\/greeting-to-the-sun\/#breadcrumb","itemListElement":[{"@type":"ListItem","position":1,"name":"Po\u010detna stranica","item":"https:\/\/manuelavladic.com\/en\/manuela-vladic-mastruko\/"},{"@type":"ListItem","position":2,"name":"Shop","item":"https:\/\/manuelavladic.com\/en\/shop\/"},{"@type":"ListItem","position":3,"name":"Greeting to the Sun"}]},{"@type":"WebSite","@id":"https:\/\/manuelavladic.com\/en\/#website","url":"https:\/\/manuelavladic.com\/en\/","name":"Manuela Vladi\u0107-Ma\u0161truko","description":"An artist who creates in various visual media,","publisher":{"@id":"https:\/\/manuelavladic.com\/en\/#\/schema\/person\/32fa3b8ca9372e0f7cd08a429f906813"},"potentialAction":[{"@type":"SearchAction","target":{"@type":"EntryPoint","urlTemplate":"https:\/\/manuelavladic.com\/en\/?s={search_term_string}"},"query-input":{"@type":"PropertyValueSpecification","valueRequired":true,"valueName":"search_term_string"}}],"inLanguage":"en-US"},{"@type":["Person","Organization"],"@id":"https:\/\/manuelavladic.com\/en\/#\/schema\/person\/32fa3b8ca9372e0f7cd08a429f906813","name":"Manuela Vladi\u0107-Ma\u0161truko","image":{"@type":"ImageObject","inLanguage":"en-US","@id":"https:\/\/manuelavladic.com\/wp-content\/uploads\/2026\/01\/4.-Manuela-Vladic-Mastruko_portet-e1769507127491.jpg","url":"https:\/\/manuelavladic.com\/wp-content\/uploads\/2026\/01\/4.-Manuela-Vladic-Mastruko_portet-e1769507127491.jpg","contentUrl":"https:\/\/manuelavladic.com\/wp-content\/uploads\/2026\/01\/4.-Manuela-Vladic-Mastruko_portet-e1769507127491.jpg","width":519,"height":467,"caption":"Manuela Vladi\u0107-Ma\u0161truko"},"logo":{"@id":"https:\/\/manuelavladic.com\/wp-content\/uploads\/2026\/01\/4.-Manuela-Vladic-Mastruko_portet-e1769507127491.jpg"}}]}},"_links":{"self":[{"href":"https:\/\/manuelavladic.com\/en\/wp-json\/wp\/v2\/product\/2552","targetHints":{"allow":["GET"]}}],"collection":[{"href":"https:\/\/manuelavladic.com\/en\/wp-json\/wp\/v2\/product"}],"about":[{"href":"https:\/\/manuelavladic.com\/en\/wp-json\/wp\/v2\/types\/product"}],"replies":[{"embeddable":true,"href":"https:\/\/manuelavladic.com\/en\/wp-json\/wp\/v2\/comments?post=2552"}],"wp:featuredmedia":[{"embeddable":true,"href":"https:\/\/manuelavladic.com\/en\/wp-json\/wp\/v2\/media\/2149"}],"wp:attachment":[{"href":"https:\/\/manuelavladic.com\/en\/wp-json\/wp\/v2\/media?parent=2552"}],"wp:term":[{"taxonomy":"product_brand","embeddable":true,"href":"https:\/\/manuelavladic.com\/en\/wp-json\/wp\/v2\/product_brand?post=2552"},{"taxonomy":"product_cat","embeddable":true,"href":"https:\/\/manuelavladic.com\/en\/wp-json\/wp\/v2\/product_cat?post=2552"},{"taxonomy":"product_tag","embeddable":true,"href":"https:\/\/manuelavladic.com\/en\/wp-json\/wp\/v2\/product_tag?post=2552"}],"curies":[{"name":"wp","href":"https:\/\/api.w.org\/{rel}","templated":true}]}}